{"id":4175,"date":"2026-03-16T10:28:43","date_gmt":"2026-03-16T09:28:43","guid":{"rendered":"https:\/\/www.murizari.com\/vip-club\/"},"modified":"2026-03-30T16:36:03","modified_gmt":"2026-03-30T14:36:03","slug":"vip-club","status":"publish","type":"page","link":"https:\/\/www.murizari.com\/en\/vip-club\/","title":{"rendered":"VIP CLUB"},"content":{"rendered":"\t\t<div data-elementor-type=\"wp-page\" data-elementor-id=\"4175\" class=\"elementor elementor-4175\" data-elementor-post-type=\"page\">\n\t\t\t\t<div class=\"elementor-element elementor-element-fd9905f e-con-full e-flex e-con e-parent\" data-id=\"fd9905f\" data-element_type=\"container\" data-e-type=\"container\" data-settings=\"{&quot;background_background&quot;:&quot;classic&quot;}\">\n\t\t<div class=\"elementor-element elementor-element-4d09241 e-flex e-con-boxed e-con e-child\" data-id=\"4d09241\" data-element_type=\"container\" data-e-type=\"container\">\n\t\t\t\t\t<div class=\"e-con-inner\">\n\t\t\t\t<div class=\"elementor-element elementor-element-b3cbd40 elementor-widget elementor-widget-heading\" data-id=\"b3cbd40\" data-element_type=\"widget\" data-e-type=\"widget\" data-widget_type=\"heading.default\">\n\t\t\t\t\t<h2 class=\"elementor-heading-title elementor-size-default\">murizari<br \/>VIP  CLUB<\/h2>\t\t\t\t<\/div>\n\t\t\t\t\t<\/div>\n\t\t\t\t<\/div>\n\t\t\t\t<\/div>\n\t\t<div class=\"elementor-element elementor-element-39a7ee6 e-flex e-con-boxed e-con e-parent\" data-id=\"39a7ee6\" data-element_type=\"container\" data-e-type=\"container\">\n\t\t\t\t\t<div class=\"e-con-inner\">\n\t\t\t\t<div class=\"elementor-element elementor-element-ae04a05 elementor-widget elementor-widget-heading\" data-id=\"ae04a05\" data-element_type=\"widget\" data-e-type=\"widget\" data-widget_type=\"heading.default\">\n\t\t\t\t\t<h2 class=\"elementor-heading-title elementor-size-default\">HOW TO BECOME A CLUB MEMBER?<\/h2>\t\t\t\t<\/div>\n\t\t\t\t<div class=\"elementor-element elementor-element-6a15834 elementor-widget elementor-widget-text-editor\" data-id=\"6a15834\" data-element_type=\"widget\" data-e-type=\"widget\" data-widget_type=\"text-editor.default\">\n\t\t\t\t\t\t\t\t\t<p>Only an individual person can become a member of the loyalty program.<\/p><p>To become one just fill in an application form upon your purchase. All your future purchases will then be reflected on your club member account, each getting you closer to the magic number that qualifies for a discount. Based on our current clients\u2019 preference, we have introduced the option of enjoying membership without holding a club member card.<\/p><p>Club members can use their name or registration number assigned to them upon registration for easy identification at the MURIZARI store run by Elite mode s.r.o., telling it to the cashier.\u00a0<\/p><p><em>Please notify us by calling:<\/em><strong> +420 224 221 587<br \/><\/strong>or e-mailing at: <strong><span style=\"text-decoration: underline;\"><a href=\"mailto:info@elitemode.cz\">info@elitemode.cz<\/a><\/span><\/strong><\/p>\t\t\t\t\t\t\t\t<\/div>\n\t\t\t\t\t<\/div>\n\t\t\t\t<\/div>\n\t\t<div class=\"elementor-element elementor-element-b45e882 e-flex e-con-boxed e-con e-parent\" data-id=\"b45e882\" data-element_type=\"container\" data-e-type=\"container\">\n\t\t\t\t\t<div class=\"e-con-inner\">\n\t\t<div class=\"elementor-element elementor-element-8137de8 e-con-full e-flex e-con e-child\" data-id=\"8137de8\" data-element_type=\"container\" data-e-type=\"container\">\n\t\t\t\t<div class=\"elementor-element elementor-element-7a2c0f8 elementor-widget elementor-widget-image\" data-id=\"7a2c0f8\" data-element_type=\"widget\" data-e-type=\"widget\" data-widget_type=\"image.default\">\n\t\t\t\t\t\t\t\t\t\t\t\t\t\t\t<img fetchpriority=\"high\" decoding=\"async\" width=\"683\" height=\"1024\" src=\"https:\/\/www.murizari.com\/wp-content\/uploads\/2026\/01\/HML_9664_web-683x1024.jpg\" class=\"attachment-large size-large wp-image-3925\" alt=\"\" srcset=\"https:\/\/www.murizari.com\/wp-content\/uploads\/2026\/01\/HML_9664_web-683x1024.jpg 683w, https:\/\/www.murizari.com\/wp-content\/uploads\/2026\/01\/HML_9664_web-200x300.jpg 200w, https:\/\/www.murizari.com\/wp-content\/uploads\/2026\/01\/HML_9664_web-768x1152.jpg 768w, https:\/\/www.murizari.com\/wp-content\/uploads\/2026\/01\/HML_9664_web-1024x1536.jpg 1024w, https:\/\/www.murizari.com\/wp-content\/uploads\/2026\/01\/HML_9664_web-1365x2048.jpg 1365w, https:\/\/www.murizari.com\/wp-content\/uploads\/2026\/01\/HML_9664_web.jpg 1500w\" sizes=\"(max-width: 683px) 100vw, 683px\" \/>\t\t\t\t\t\t\t\t\t\t\t\t\t\t\t<\/div>\n\t\t\t\t<\/div>\n\t\t<div class=\"elementor-element elementor-element-aee2293 e-con-full e-flex e-con e-child\" data-id=\"aee2293\" data-element_type=\"container\" data-e-type=\"container\">\n\t\t\t\t<div class=\"elementor-element elementor-element-f33e369 elementor-widget elementor-widget-heading\" data-id=\"f33e369\" data-element_type=\"widget\" data-e-type=\"widget\" data-widget_type=\"heading.default\">\n\t\t\t\t\t<h3 class=\"elementor-heading-title elementor-size-default\">kEEP SHOPPING AND COLLECTING POINTS<\/h3>\t\t\t\t<\/div>\n\t\t\t\t<div class=\"elementor-element elementor-element-81d86ca elementor-widget elementor-widget-text-editor\" data-id=\"81d86ca\" data-element_type=\"widget\" data-e-type=\"widget\" data-widget_type=\"text-editor.default\">\n\t\t\t\t\t\t\t\t\t<p>Upon each purchase at the MURIZARI store run by Elite mode s.r.o. (<em>U Pra\u0161n\u00e9 br\u00e1ny 3, Prague 1<\/em>) tell the clerk at check out your name and the boutique team will make sure the adequate number of points are credited to your account.<\/p><p>All your purchases at the MURIZARI store run by Elite mode s.r.o. are credited to the same member account.<\/p><p>Both the client\u00b4s account and the discount achieved are not transferable.<\/p>\t\t\t\t\t\t\t\t<\/div>\n\t\t\t\t<div class=\"elementor-element elementor-element-843e986 elementor-widget elementor-widget-heading\" data-id=\"843e986\" data-element_type=\"widget\" data-e-type=\"widget\" data-widget_type=\"heading.default\">\n\t\t\t\t\t<h2 class=\"elementor-heading-title elementor-size-default\">ENJOY THE LOYALTY DISCOUNT FOR\nAT LEAST ONE YEAR<\/h2>\t\t\t\t<\/div>\n\t\t\t\t<div class=\"elementor-element elementor-element-303bc4b elementor-widget elementor-widget-text-editor\" data-id=\"303bc4b\" data-element_type=\"widget\" data-e-type=\"widget\" data-widget_type=\"text-editor.default\">\n\t\t\t\t\t\t\t\t\t<p>When the overall amount of points credited to your membership account reaches <strong>CZK 30,000<\/strong>, you have qualified for a <strong>5 %<\/strong> discount first applicable to your next purchase and then valid for one calendar year.<\/p><p>When a cumulative value equals to <strong>CZK 60,000<\/strong> is reached within one calendar year, you have automatically qualified for a <strong>10 %<\/strong> discount applicable to your next purchase and valid for one calendar year.<\/p><p>The discount is carried forward only on condition that the given limit is reached again during the following year. On the event that the limits are not met, the discount is discontinued.<\/p><p>To check the account status, please talk to our in-store staff. The club member discount applies to all products carried by the MURIZARI store run by Elite mode s.r.o.at full prices. No additional discount is provided to discounted products, but their purchase is credited to the club member account helping the club member qualify for the above described discounts.<\/p>\t\t\t\t\t\t\t\t<\/div>\n\t\t\t\t<\/div>\n\t\t\t\t\t<\/div>\n\t\t\t\t<\/div>\n\t\t<div class=\"elementor-element elementor-element-be95c83 e-flex e-con-boxed e-con e-parent\" data-id=\"be95c83\" data-element_type=\"container\" data-e-type=\"container\">\n\t\t\t\t\t<div class=\"e-con-inner\">\n\t\t\t\t<div class=\"elementor-element elementor-element-6c39863 elementor-widget elementor-widget-heading\" data-id=\"6c39863\" data-element_type=\"widget\" data-e-type=\"widget\" data-widget_type=\"heading.default\">\n\t\t\t\t\t<h2 class=\"elementor-heading-title elementor-size-default\">ADDITIONAL MEMBERSHIP ADVANTAGES<\/h2>\t\t\t\t<\/div>\n\t\t\t\t<div class=\"elementor-element elementor-element-a6ec813 elementor-widget elementor-widget-text-editor\" data-id=\"a6ec813\" data-element_type=\"widget\" data-e-type=\"widget\" data-widget_type=\"text-editor.default\">\n\t\t\t\t\t\t\t\t\t<p>Besides receiving regular updates regarding the latest news, priority season discounts, invitations to special events and<br \/>social gatherings organised by MURIZARI store run by Elite mode s.r.o., you are also entitled to enjoy extended opening hours, free delivery of the purchased goods by a messenger, and many additional perks.<\/p><p>On the occasion of celebrating their birthday, all loyalty club members will receive a one-time CZK 1,000 voucher for any purchase they make on the day of their birthday or<br \/>in the following 2 days in the MURIZARI store run by Elite mode s.r.o. The voucher is sent via e-mail; its receipt is conditioned by a valid e-mail address on file.<\/p><p>The voucher can be redeemed with a single purchase of a minimum value of <strong>CZK 3,000<\/strong>.<\/p>\t\t\t\t\t\t\t\t<\/div>\n\t\t\t\t\t<\/div>\n\t\t\t\t<\/div>\n\t\t<div class=\"elementor-element elementor-element-9fa8a07 e-con-full e-flex e-con e-parent\" data-id=\"9fa8a07\" data-element_type=\"container\" data-e-type=\"container\" data-settings=\"{&quot;background_background&quot;:&quot;classic&quot;}\">\n\t\t\t\t<\/div>\n\t\t\t\t<\/div>\n\t\t","protected":false},"excerpt":{"rendered":"<p>murizariVIP CLUB HOW TO BECOME A CLUB MEMBER? Only an individual person can become a member of the loyalty program. To become one just fill in an application form upon [&hellip;]<\/p>\n","protected":false},"author":1,"featured_media":0,"parent":0,"menu_order":0,"comment_status":"closed","ping_status":"closed","template":"","meta":{"_acf_changed":false,"site-sidebar-layout":"no-sidebar","site-content-layout":"page-builder","ast-site-content-layout":"full-width-container","site-content-style":"default","site-sidebar-style":"default","ast-global-header-display":"","ast-banner-title-visibility":"","ast-main-header-display":"","ast-hfb-above-header-display":"","ast-hfb-below-header-display":"","ast-hfb-mobile-header-display":"","site-post-title":"disabled","ast-breadcrumbs-content":"","ast-featured-img":"disabled","footer-sml-layout":"","ast-disable-related-posts":"","theme-transparent-header-meta":"default","adv-header-id-meta":"","stick-header-meta":"default","header-above-stick-meta":"","header-main-stick-meta":"","header-below-stick-meta":"","astra-migrate-meta-layouts":"set","ast-page-background-enabled":"default","ast-page-background-meta":{"desktop":{"background-color":"","background-image":"","background-repeat":"repeat","background-position":"center center","background-size":"auto","background-attachment":"scroll","background-type":"","background-media":"","overlay-type":"","overlay-color":"","overlay-opacity":"","overlay-gradient":""},"tablet":{"background-color":"","background-image":"","background-repeat":"repeat","background-position":"center center","background-size":"auto","background-attachment":"scroll","background-type":"","background-media":"","overlay-type":"","overlay-color":"","overlay-opacity":"","overlay-gradient":""},"mobile":{"background-color":"","background-image":"","background-repeat":"repeat","background-position":"center center","background-size":"auto","background-attachment":"scroll","background-type":"","background-media":"","overlay-type":"","overlay-color":"","overlay-opacity":"","overlay-gradient":""}},"ast-content-background-meta":{"desktop":{"background-color":"var(--ast-global-color-5)","background-image":"","background-repeat":"repeat","background-position":"center center","background-size":"auto","background-attachment":"scroll","background-type":"","background-media":"","overlay-type":"","overlay-color":"","overlay-opacity":"","overlay-gradient":""},"tablet":{"background-color":"var(--ast-global-color-5)","background-image":"","background-repeat":"repeat","background-position":"center center","background-size":"auto","background-attachment":"scroll","background-type":"","background-media":"","overlay-type":"","overlay-color":"","overlay-opacity":"","overlay-gradient":""},"mobile":{"background-color":"var(--ast-global-color-5)","background-image":"","background-repeat":"repeat","background-position":"center center","background-size":"auto","background-attachment":"scroll","background-type":"","background-media":"","overlay-type":"","overlay-color":"","overlay-opacity":"","overlay-gradient":""}},"footnotes":""},"class_list":["post-4175","page","type-page","status-publish","hentry"],"acf":[],"_links":{"self":[{"href":"https:\/\/www.murizari.com\/en\/wp-json\/wp\/v2\/pages\/4175","targetHints":{"allow":["GET"]}}],"collection":[{"href":"https:\/\/www.murizari.com\/en\/wp-json\/wp\/v2\/pages"}],"about":[{"href":"https:\/\/www.murizari.com\/en\/wp-json\/wp\/v2\/types\/page"}],"author":[{"embeddable":true,"href":"https:\/\/www.murizari.com\/en\/wp-json\/wp\/v2\/users\/1"}],"replies":[{"embeddable":true,"href":"https:\/\/www.murizari.com\/en\/wp-json\/wp\/v2\/comments?post=4175"}],"version-history":[{"count":20,"href":"https:\/\/www.murizari.com\/en\/wp-json\/wp\/v2\/pages\/4175\/revisions"}],"predecessor-version":[{"id":4531,"href":"https:\/\/www.murizari.com\/en\/wp-json\/wp\/v2\/pages\/4175\/revisions\/4531"}],"wp:attachment":[{"href":"https:\/\/www.murizari.com\/en\/wp-json\/wp\/v2\/media?parent=4175"}],"curies":[{"name":"wp","href":"https:\/\/api.w.org\/{rel}","templated":true}]}}